{"id":180,"date":"2022-04-25T08:41:25","date_gmt":"2022-04-25T08:41:25","guid":{"rendered":"http:\/\/www.basnetwerk.nl\/lijster\/?page_id=180"},"modified":"2025-01-22T09:17:18","modified_gmt":"2025-01-22T09:17:18","slug":"het-boshuisje","status":"publish","type":"page","link":"https:\/\/www.basnetwerk.nl\/lijster\/het-boshuisje\/","title":{"rendered":"Het huis"},"content":{"rendered":"\r\n<p>Hartje Drenthe, in Nationaal Park Drentsche Aa op de Hondsrug (UNESCO Global Geopark), vindt u tussen drie boswachterijen op een kleinschalig park ons natuurhuis de \u2018Lijster\u2019, ingericht voor 4 (of eventueel 5) personen. Vrijstaand op een door boomsingels omzoomd eigen perceel van 1.400 M<sup>2<\/sup>\u00a0met veel ruimte en privacy. \r\nU parkeert op eigen terrein, zonder slagboom (2 auto\u2019s). <\/p>\r\n\r\n\r\n\r\n<p>De rook- en huisdiervrije bungalow is in 2021 grondig gerenoveerd en ge\u00efsoleerd, vrijwel alles is nieuw. Het huis heeft Centrale Verwarming (combiketel). Alle ramen hebben horren en verduistering.<\/p>\r\n\r\n\r\n\r\n<p>Via een hal met garderobe komt u in de lichte, hoge woonkamer van 22 M<sup>2<\/sup>. U vindt er een houtkachel, breedbeeld TV, een DVD-speler en een tuner met Bluetooth en USB-poort. Er zijn DvD\u2019s, boeken en spellen aanwezig en er is gratis WIFI. Boven de achterwand is een 5 meter lange opbergruimte voor koffers e.d., bereikbaar met een bibliotheektrap.<\/p>\r\n\r\n\r\n\r\n<p>De aangrenzende open keuken is in 2022 vernieuwd en is voorzien van koelkast met vriesvak, combimagnetron, inductiekookplaat, afzuigkap, koffiezetapparaat, waterkoker, airfryer en tostimaker.<\/p>\r\n\r\n\r\n\r\n<p>Er zijn drie slaapkamers: \u00e9\u00e9n slaapkamer met wastafel en tweepersoonsbed met verstelbaar hoofd- en voeteneinde (matrasmaat 140\u00d7210), \u00e9\u00e9n slaapkamer met stapelbed (matrasmaat 90\u00d7200) en \u00e9\u00e9n slaapkamer met eenpersoonsbed (matrasmaat 90\u00d7200), alle drie met garderobekast.<\/p>\r\n\r\n\r\n\r\n<p>De badkamer bevat een douche en wastafel. Er is een aparte toiletruimte. <\/p>\r\n\r\n\r\n\r\n<p>In de berging staat een wasmachine tot uw beschikking (bovenlader).<\/p>\r\n\r\n\r\n\r\n<p>Vanuit de woonkamer bereikt u via openslaande deuren het terras met zithoek, parasol en BBQ.<\/p>\r\n\r\n\r\n<!-- <p>Het huisje is <img loading=\"lazy\" decoding=\"async\" src=\"http:\/\/www.basnetwerk.nl\/lijster\/wp-content\/uploads\/2022\/04\/nietroken.png\" alt=\"rookvrij\" width=\"60\" height=\"60\" class=\"size-full wp-image-326\" \/> &nbsp;&nbsp;en <img decoding=\"async\" src=\"http:\/\/www.basnetwerk.nl\/lijster\/wp-content\/uploads\/2022\/05\/huisdieren-150x150.png\" alt=\"huisdiervrij\" width=\"60\" class=\"size-thumbnail wp-image-411\" \/> en er is gratis <img loading=\"lazy\" decoding=\"async\" src=\"http:\/\/www.basnetwerk.nl\/lijster\/wp-content\/uploads\/2022\/04\/wifi-150x119.png\" alt=\"WIFI\" width=\"75\" height=\"60\" class=\"size-thumbnail wp-image-325\" \/><\/p>  -->\r\n\r\nngg_shortcode_0_placeholder\r\n","protected":false},"excerpt":{"rendered":"<p>Hartje Drenthe, in Nationaal Park Drentsche Aa op de Hondsrug (UNESCO Global Geopark), vindt u tussen drie boswachterijen op een kleinschalig park ons natuurhuis de \u2018Lijster\u2019, ingericht voor 4 (of eventueel 5) personen. Vrijstaand op een door boomsingels omzoomd eigen perceel van 1.400 M2\u00a0met veel ruimte en privacy. U parkeert op eigen terrein, zonder slagboom&#8230;<\/p>\n<p class=\"more-link\"><a href=\"https:\/\/www.basnetwerk.nl\/lijster\/het-boshuisje\/\"><span>Read More<\/span><i>&#43;<\/i><\/a><\/p>\n","protected":false},"author":1,"featured_media":0,"parent":0,"menu_order":0,"comment_status":"closed","ping_status":"closed","template":"","meta":{"ngg_post_thumbnail":0,"footnotes":""},"class_list":["post-180","page","type-page","status-publish","hentry"],"yoast_head":"<!-- This site is optimized with the Yoast SEO plugin v24.3 - https:\/\/yoast.com\/wordpress\/plugins\/seo\/ -->\n<title>Het huis - De Lijster<\/title>\n<meta name=\"robots\" content=\"index, follow, max-snippet:-1, max-image-preview:large, max-video-preview:-1\" \/>\n<link rel=\"canonical\" href=\"http:\/\/www.basnetwerk.nl\/lijster\/het-boshuisje\/\" \/>\n<meta property=\"og:locale\" content=\"nl_NL\" \/>\n<meta property=\"og:type\" content=\"article\" \/>\n<meta property=\"og:title\" content=\"Het huis - De Lijster\" \/>\n<meta property=\"og:description\" content=\"Hartje Drenthe, in Nationaal Park Drentsche Aa op de Hondsrug (UNESCO Global Geopark), vindt u tussen drie boswachterijen op een kleinschalig park ons natuurhuis de \u2018Lijster\u2019, ingericht voor 4 (of eventueel 5) personen. Vrijstaand op een door boomsingels omzoomd eigen perceel van 1.400 M2\u00a0met veel ruimte en privacy. U parkeert op eigen terrein, zonder slagboom&#8230;Read More&#043;\" \/>\n<meta property=\"og:url\" content=\"http:\/\/www.basnetwerk.nl\/lijster\/het-boshuisje\/\" \/>\n<meta property=\"og:site_name\" content=\"De Lijster\" \/>\n<meta property=\"article:modified_time\" content=\"2025-01-22T09:17:18+00:00\" \/>\n<meta property=\"og:image\" content=\"http:\/\/www.basnetwerk.nl\/lijster\/wp-content\/uploads\/2022\/04\/nietroken.png\" \/>\n<meta name=\"twitter:card\" content=\"summary_large_image\" \/>\n<script type=\"application\/ld+json\" class=\"yoast-schema-graph\">{\"@context\":\"https:\/\/schema.org\",\"@graph\":[{\"@type\":\"WebPage\",\"@id\":\"http:\/\/www.basnetwerk.nl\/lijster\/het-boshuisje\/\",\"url\":\"http:\/\/www.basnetwerk.nl\/lijster\/het-boshuisje\/\",\"name\":\"Het huis - De Lijster\",\"isPartOf\":{\"@id\":\"https:\/\/www.basnetwerk.nl\/lijster\/#website\"},\"primaryImageOfPage\":{\"@id\":\"http:\/\/www.basnetwerk.nl\/lijster\/het-boshuisje\/#primaryimage\"},\"image\":{\"@id\":\"http:\/\/www.basnetwerk.nl\/lijster\/het-boshuisje\/#primaryimage\"},\"thumbnailUrl\":\"http:\/\/www.basnetwerk.nl\/lijster\/wp-content\/uploads\/2022\/04\/nietroken.png\",\"datePublished\":\"2022-04-25T08:41:25+00:00\",\"dateModified\":\"2025-01-22T09:17:18+00:00\",\"breadcrumb\":{\"@id\":\"http:\/\/www.basnetwerk.nl\/lijster\/het-boshuisje\/#breadcrumb\"},\"inLanguage\":\"nl-NL\",\"potentialAction\":[{\"@type\":\"ReadAction\",\"target\":[\"http:\/\/www.basnetwerk.nl\/lijster\/het-boshuisje\/\"]}]},{\"@type\":\"ImageObject\",\"inLanguage\":\"nl-NL\",\"@id\":\"http:\/\/www.basnetwerk.nl\/lijster\/het-boshuisje\/#primaryimage\",\"url\":\"https:\/\/www.basnetwerk.nl\/lijster\/wp-content\/uploads\/2022\/04\/nietroken.png\",\"contentUrl\":\"https:\/\/www.basnetwerk.nl\/lijster\/wp-content\/uploads\/2022\/04\/nietroken.png\",\"width\":80,\"height\":80},{\"@type\":\"BreadcrumbList\",\"@id\":\"http:\/\/www.basnetwerk.nl\/lijster\/het-boshuisje\/#breadcrumb\",\"itemListElement\":[{\"@type\":\"ListItem\",\"position\":1,\"name\":\"Home\",\"item\":\"http:\/\/www.basnetwerk.nl\/lijster\/\"},{\"@type\":\"ListItem\",\"position\":2,\"name\":\"Het huis\"}]},{\"@type\":\"WebSite\",\"@id\":\"https:\/\/www.basnetwerk.nl\/lijster\/#website\",\"url\":\"https:\/\/www.basnetwerk.nl\/lijster\/\",\"name\":\"De Lijster\",\"description\":\"Natuurhuis in Drenthe\",\"publisher\":{\"@id\":\"https:\/\/www.basnetwerk.nl\/lijster\/#organization\"},\"potentialAction\":[{\"@type\":\"SearchAction\",\"target\":{\"@type\":\"EntryPoint\",\"urlTemplate\":\"https:\/\/www.basnetwerk.nl\/lijster\/?s={search_term_string}\"},\"query-input\":{\"@type\":\"PropertyValueSpecification\",\"valueRequired\":true,\"valueName\":\"search_term_string\"}}],\"inLanguage\":\"nl-NL\"},{\"@type\":\"Organization\",\"@id\":\"https:\/\/www.basnetwerk.nl\/lijster\/#organization\",\"name\":\"De Lijster\",\"url\":\"https:\/\/www.basnetwerk.nl\/lijster\/\",\"logo\":{\"@type\":\"ImageObject\",\"inLanguage\":\"nl-NL\",\"@id\":\"https:\/\/www.basnetwerk.nl\/lijster\/#\/schema\/logo\/image\/\",\"url\":\"http:\/\/www.basnetwerk.nl\/lijster\/wp-content\/uploads\/2021\/01\/lijster.png\",\"contentUrl\":\"http:\/\/www.basnetwerk.nl\/lijster\/wp-content\/uploads\/2021\/01\/lijster.png\",\"width\":479,\"height\":479,\"caption\":\"De Lijster\"},\"image\":{\"@id\":\"https:\/\/www.basnetwerk.nl\/lijster\/#\/schema\/logo\/image\/\"}}]}<\/script>\n<!-- \/ Yoast SEO plugin. -->","yoast_head_json":{"title":"Het huis - De Lijster","robots":{"index":"index","follow":"follow","max-snippet":"max-snippet:-1","max-image-preview":"max-image-preview:large","max-video-preview":"max-video-preview:-1"},"canonical":"http:\/\/www.basnetwerk.nl\/lijster\/het-boshuisje\/","og_locale":"nl_NL","og_type":"article","og_title":"Het huis - De Lijster","og_description":"Hartje Drenthe, in Nationaal Park Drentsche Aa op de Hondsrug (UNESCO Global Geopark), vindt u tussen drie boswachterijen op een kleinschalig park ons natuurhuis de \u2018Lijster\u2019, ingericht voor 4 (of eventueel 5) personen. Vrijstaand op een door boomsingels omzoomd eigen perceel van 1.400 M2\u00a0met veel ruimte en privacy. U parkeert op eigen terrein, zonder slagboom&#8230;Read More&#43;","og_url":"http:\/\/www.basnetwerk.nl\/lijster\/het-boshuisje\/","og_site_name":"De Lijster","article_modified_time":"2025-01-22T09:17:18+00:00","og_image":[{"url":"http:\/\/www.basnetwerk.nl\/lijster\/wp-content\/uploads\/2022\/04\/nietroken.png","type":"","width":"","height":""}],"twitter_card":"summary_large_image","schema":{"@context":"https:\/\/schema.org","@graph":[{"@type":"WebPage","@id":"http:\/\/www.basnetwerk.nl\/lijster\/het-boshuisje\/","url":"http:\/\/www.basnetwerk.nl\/lijster\/het-boshuisje\/","name":"Het huis - De Lijster","isPartOf":{"@id":"https:\/\/www.basnetwerk.nl\/lijster\/#website"},"primaryImageOfPage":{"@id":"http:\/\/www.basnetwerk.nl\/lijster\/het-boshuisje\/#primaryimage"},"image":{"@id":"http:\/\/www.basnetwerk.nl\/lijster\/het-boshuisje\/#primaryimage"},"thumbnailUrl":"http:\/\/www.basnetwerk.nl\/lijster\/wp-content\/uploads\/2022\/04\/nietroken.png","datePublished":"2022-04-25T08:41:25+00:00","dateModified":"2025-01-22T09:17:18+00:00","breadcrumb":{"@id":"http:\/\/www.basnetwerk.nl\/lijster\/het-boshuisje\/#breadcrumb"},"inLanguage":"nl-NL","potentialAction":[{"@type":"ReadAction","target":["http:\/\/www.basnetwerk.nl\/lijster\/het-boshuisje\/"]}]},{"@type":"ImageObject","inLanguage":"nl-NL","@id":"http:\/\/www.basnetwerk.nl\/lijster\/het-boshuisje\/#primaryimage","url":"https:\/\/www.basnetwerk.nl\/lijster\/wp-content\/uploads\/2022\/04\/nietroken.png","contentUrl":"https:\/\/www.basnetwerk.nl\/lijster\/wp-content\/uploads\/2022\/04\/nietroken.png","width":80,"height":80},{"@type":"BreadcrumbList","@id":"http:\/\/www.basnetwerk.nl\/lijster\/het-boshuisje\/#breadcrumb","itemListElement":[{"@type":"ListItem","position":1,"name":"Home","item":"http:\/\/www.basnetwerk.nl\/lijster\/"},{"@type":"ListItem","position":2,"name":"Het huis"}]},{"@type":"WebSite","@id":"https:\/\/www.basnetwerk.nl\/lijster\/#website","url":"https:\/\/www.basnetwerk.nl\/lijster\/","name":"De Lijster","description":"Natuurhuis in Drenthe","publisher":{"@id":"https:\/\/www.basnetwerk.nl\/lijster\/#organization"},"potentialAction":[{"@type":"SearchAction","target":{"@type":"EntryPoint","urlTemplate":"https:\/\/www.basnetwerk.nl\/lijster\/?s={search_term_string}"},"query-input":{"@type":"PropertyValueSpecification","valueRequired":true,"valueName":"search_term_string"}}],"inLanguage":"nl-NL"},{"@type":"Organization","@id":"https:\/\/www.basnetwerk.nl\/lijster\/#organization","name":"De Lijster","url":"https:\/\/www.basnetwerk.nl\/lijster\/","logo":{"@type":"ImageObject","inLanguage":"nl-NL","@id":"https:\/\/www.basnetwerk.nl\/lijster\/#\/schema\/logo\/image\/","url":"http:\/\/www.basnetwerk.nl\/lijster\/wp-content\/uploads\/2021\/01\/lijster.png","contentUrl":"http:\/\/www.basnetwerk.nl\/lijster\/wp-content\/uploads\/2021\/01\/lijster.png","width":479,"height":479,"caption":"De Lijster"},"image":{"@id":"https:\/\/www.basnetwerk.nl\/lijster\/#\/schema\/logo\/image\/"}}]}},"_links":{"self":[{"href":"https:\/\/www.basnetwerk.nl\/lijster\/wp-json\/wp\/v2\/pages\/180","targetHints":{"allow":["GET"]}}],"collection":[{"href":"https:\/\/www.basnetwerk.nl\/lijster\/wp-json\/wp\/v2\/pages"}],"about":[{"href":"https:\/\/www.basnetwerk.nl\/lijster\/wp-json\/wp\/v2\/types\/page"}],"author":[{"embeddable":true,"href":"https:\/\/www.basnetwerk.nl\/lijster\/wp-json\/wp\/v2\/users\/1"}],"replies":[{"embeddable":true,"href":"https:\/\/www.basnetwerk.nl\/lijster\/wp-json\/wp\/v2\/comments?post=180"}],"version-history":[{"count":25,"href":"https:\/\/www.basnetwerk.nl\/lijster\/wp-json\/wp\/v2\/pages\/180\/revisions"}],"predecessor-version":[{"id":505,"href":"https:\/\/www.basnetwerk.nl\/lijster\/wp-json\/wp\/v2\/pages\/180\/revisions\/505"}],"wp:attachment":[{"href":"https:\/\/www.basnetwerk.nl\/lijster\/wp-json\/wp\/v2\/media?parent=180"}],"curies":[{"name":"wp","href":"https:\/\/api.w.org\/{rel}","templated":true}]}}